{"id":3651,"date":"2022-05-04T11:14:34","date_gmt":"2022-05-04T11:14:34","guid":{"rendered":"https:\/\/unasenorafiesta.org\/producto\/"},"modified":"2022-05-10T20:26:49","modified_gmt":"2022-05-10T20:26:49","slug":"entrada-usf-22-promo","status":"publish","type":"product","link":"https:\/\/unasenorafiesta.org\/es\/producto\/entrada-usf-22-promo\/","title":{"rendered":"USF 22"},"content":{"rendered":"<p><span style=\"font-weight: 400;\">Te pedimos que llegues 1 hora antes del inicio, para que puedas acceder al prau, acercarte al bar, a los puestos de comida, y saludar a toda la gente guapa que vas a encontrar.<\/span><\/p>\n<p><em><span style=\"font-weight: 400;\">M\u00e1s:\u00a0<\/span><\/em><\/p>\n<p><em><span style=\"font-weight: 400;\">La compra de entradas est\u00e1 exenta de comisiones bancarias. Las se\u00f1oras de USF somos as\u00ed de guapas, y no queremos hacer negocio con eso.<\/span><\/em><\/p>\n<p><em><span style=\"font-weight: 400;\">Una vez realizada la compra no se admitir\u00e1n cambios ni devoluciones. Ser\u00eda una pena que no pudieses venir, pero si eso pasa, reg\u00e1lala a alguien y reparte felicidad. Hacienda no, pero el <\/span><span style=\"font-weight: 400;\">karma <\/span><span style=\"font-weight: 400;\">te lo devuelve fijo.<\/span><\/em><\/p>\n","protected":false},"excerpt":{"rendered":"<p><span style=\"font-weight: 400;\">Con la compra de esta entrada acceder\u00e1s al prau de<em> La Vilortera<\/em> (Vegarrionda, Pilo\u00f1a, Asturias) donde tendr\u00e1n lugar los 4 conciertos. Podr\u00e1s disfrutar de una noche m\u00e1gica de m\u00fasica, buen rollo y gente guapa, en un entorno que te encantar\u00e1.<\/span><\/p>\n<p><strong>Ven, que te mejorar\u00e1 la vida. Palabrita.<\/strong><\/p>\n","protected":false},"featured_media":3637,"template":"","meta":[],"product_cat":[15],"product_tag":[],"yoast_head":"<!-- This site is optimized with the Yoast SEO plugin v21.8 - https:\/\/yoast.com\/wordpress\/plugins\/seo\/ -->\n<title>USF 22 | Una Se\u00f1ora Fiesta<\/title>\n<meta name=\"robots\" content=\"index, follow, max-snippet:-1, max-image-preview:large, max-video-preview:-1\" \/>\n<link rel=\"canonical\" href=\"https:\/\/unasenorafiesta.org\/es\/producto\/entrada-usf-22-promo\/\" \/>\n<meta property=\"og:locale\" content=\"es_ES\" \/>\n<meta property=\"og:type\" content=\"article\" \/>\n<meta property=\"og:title\" content=\"USF 22 | Una Se\u00f1ora Fiesta\" \/>\n<meta property=\"og:description\" content=\"Con la compra de esta entrada acceder\u00e1s al prau de La Vilortera (Vegarrionda, Pilo\u00f1a, Asturias) donde tendr\u00e1n lugar los 4 conciertos. Podr\u00e1s disfrutar de una noche m\u00e1gica de m\u00fasica, buen rollo y gente guapa, en un entorno que te encantar\u00e1.  Ven, que te mejorar\u00e1 la vida. Palabrita.\" \/>\n<meta property=\"og:url\" content=\"https:\/\/unasenorafiesta.org\/es\/producto\/entrada-usf-22-promo\/\" \/>\n<meta property=\"og:site_name\" content=\"Una Se\u00f1ora Fiesta\" \/>\n<meta property=\"article:modified_time\" content=\"2022-05-10T20:26:49+00:00\" \/>\n<meta property=\"og:image\" content=\"https:\/\/unasenorafiesta.org\/wp-content\/uploads\/2022\/05\/Entrada-USF-Pre.jpg\" \/>\n\t<meta property=\"og:image:width\" content=\"1500\" \/>\n\t<meta property=\"og:image:height\" content=\"1500\" \/>\n\t<meta property=\"og:image:type\" content=\"image\/jpeg\" \/>\n<meta name=\"twitter:card\" content=\"summary_large_image\" \/>\n<meta name=\"twitter:label1\" content=\"Tiempo de lectura\" \/>\n\t<meta name=\"twitter:data1\" content=\"1 minuto\" \/>\n<script type=\"application\/ld+json\" class=\"yoast-schema-graph\">{\"@context\":\"https:\/\/schema.org\",\"@graph\":[{\"@type\":\"WebPage\",\"@id\":\"https:\/\/unasenorafiesta.org\/es\/producto\/entrada-usf-22-promo\/\",\"url\":\"https:\/\/unasenorafiesta.org\/es\/producto\/entrada-usf-22-promo\/\",\"name\":\"USF 22 | Una Se\u00f1ora Fiesta\",\"isPartOf\":{\"@id\":\"https:\/\/unasenorafiesta.org\/es\/#website\"},\"datePublished\":\"2022-05-04T11:14:34+00:00\",\"dateModified\":\"2022-05-10T20:26:49+00:00\",\"breadcrumb\":{\"@id\":\"https:\/\/unasenorafiesta.org\/es\/producto\/entrada-usf-22-promo\/#breadcrumb\"},\"inLanguage\":\"es\",\"potentialAction\":[{\"@type\":\"ReadAction\",\"target\":[\"https:\/\/unasenorafiesta.org\/es\/producto\/entrada-usf-22-promo\/\"]}]},{\"@type\":\"BreadcrumbList\",\"@id\":\"https:\/\/unasenorafiesta.org\/es\/producto\/entrada-usf-22-promo\/#breadcrumb\",\"itemListElement\":[{\"@type\":\"ListItem\",\"position\":1,\"name\":\"Portada\",\"item\":\"https:\/\/unasenorafiesta.org\/es\/\"},{\"@type\":\"ListItem\",\"position\":2,\"name\":\"The Shop\",\"item\":\"https:\/\/unasenorafiesta.org\/es\/shop\/\"},{\"@type\":\"ListItem\",\"position\":3,\"name\":\"USF 22\"}]},{\"@type\":\"WebSite\",\"@id\":\"https:\/\/unasenorafiesta.org\/es\/#website\",\"url\":\"https:\/\/unasenorafiesta.org\/es\/\",\"name\":\"Una Se\u00f1ora Fiesta\",\"description\":\"Festival art\u00edstico en un entorno rural\",\"potentialAction\":[{\"@type\":\"SearchAction\",\"target\":{\"@type\":\"EntryPoint\",\"urlTemplate\":\"https:\/\/unasenorafiesta.org\/es\/?s={search_term_string}\"},\"query-input\":\"required name=search_term_string\"}],\"inLanguage\":\"es\"}]}<\/script>\n<!-- \/ Yoast SEO plugin. -->","yoast_head_json":{"title":"USF 22 | Una Se\u00f1ora Fiesta","robots":{"index":"index","follow":"follow","max-snippet":"max-snippet:-1","max-image-preview":"max-image-preview:large","max-video-preview":"max-video-preview:-1"},"canonical":"https:\/\/unasenorafiesta.org\/es\/producto\/entrada-usf-22-promo\/","og_locale":"es_ES","og_type":"article","og_title":"USF 22 | Una Se\u00f1ora Fiesta","og_description":"Con la compra de esta entrada acceder\u00e1s al prau de La Vilortera (Vegarrionda, Pilo\u00f1a, Asturias) donde tendr\u00e1n lugar los 4 conciertos. Podr\u00e1s disfrutar de una noche m\u00e1gica de m\u00fasica, buen rollo y gente guapa, en un entorno que te encantar\u00e1.  Ven, que te mejorar\u00e1 la vida. Palabrita.","og_url":"https:\/\/unasenorafiesta.org\/es\/producto\/entrada-usf-22-promo\/","og_site_name":"Una Se\u00f1ora Fiesta","article_modified_time":"2022-05-10T20:26:49+00:00","og_image":[{"width":1500,"height":1500,"url":"https:\/\/unasenorafiesta.org\/wp-content\/uploads\/2022\/05\/Entrada-USF-Pre.jpg","type":"image\/jpeg"}],"twitter_card":"summary_large_image","twitter_misc":{"Tiempo de lectura":"1 minuto"},"schema":{"@context":"https:\/\/schema.org","@graph":[{"@type":"WebPage","@id":"https:\/\/unasenorafiesta.org\/es\/producto\/entrada-usf-22-promo\/","url":"https:\/\/unasenorafiesta.org\/es\/producto\/entrada-usf-22-promo\/","name":"USF 22 | Una Se\u00f1ora Fiesta","isPartOf":{"@id":"https:\/\/unasenorafiesta.org\/es\/#website"},"datePublished":"2022-05-04T11:14:34+00:00","dateModified":"2022-05-10T20:26:49+00:00","breadcrumb":{"@id":"https:\/\/unasenorafiesta.org\/es\/producto\/entrada-usf-22-promo\/#breadcrumb"},"inLanguage":"es","potentialAction":[{"@type":"ReadAction","target":["https:\/\/unasenorafiesta.org\/es\/producto\/entrada-usf-22-promo\/"]}]},{"@type":"BreadcrumbList","@id":"https:\/\/unasenorafiesta.org\/es\/producto\/entrada-usf-22-promo\/#breadcrumb","itemListElement":[{"@type":"ListItem","position":1,"name":"Portada","item":"https:\/\/unasenorafiesta.org\/es\/"},{"@type":"ListItem","position":2,"name":"The Shop","item":"https:\/\/unasenorafiesta.org\/es\/shop\/"},{"@type":"ListItem","position":3,"name":"USF 22"}]},{"@type":"WebSite","@id":"https:\/\/unasenorafiesta.org\/es\/#website","url":"https:\/\/unasenorafiesta.org\/es\/","name":"Una Se\u00f1ora Fiesta","description":"Festival art\u00edstico en un entorno rural","potentialAction":[{"@type":"SearchAction","target":{"@type":"EntryPoint","urlTemplate":"https:\/\/unasenorafiesta.org\/es\/?s={search_term_string}"},"query-input":"required name=search_term_string"}],"inLanguage":"es"}]}},"jetpack_sharing_enabled":true,"_links":{"self":[{"href":"https:\/\/unasenorafiesta.org\/es\/wp-json\/wp\/v2\/product\/3651"}],"collection":[{"href":"https:\/\/unasenorafiesta.org\/es\/wp-json\/wp\/v2\/product"}],"about":[{"href":"https:\/\/unasenorafiesta.org\/es\/wp-json\/wp\/v2\/types\/product"}],"wp:featuredmedia":[{"embeddable":true,"href":"https:\/\/unasenorafiesta.org\/es\/wp-json\/wp\/v2\/media\/3637"}],"wp:attachment":[{"href":"https:\/\/unasenorafiesta.org\/es\/wp-json\/wp\/v2\/media?parent=3651"}],"wp:term":[{"taxonomy":"product_cat","embeddable":true,"href":"https:\/\/unasenorafiesta.org\/es\/wp-json\/wp\/v2\/product_cat?post=3651"},{"taxonomy":"product_tag","embeddable":true,"href":"https:\/\/unasenorafiesta.org\/es\/wp-json\/wp\/v2\/product_tag?post=3651"}],"curies":[{"name":"wp","href":"https:\/\/api.w.org\/{rel}","templated":true}]}}