{"id":8083,"date":"2023-07-10T11:58:55","date_gmt":"2023-07-10T11:58:55","guid":{"rendered":"https:\/\/unasenorafiesta.org\/?page_id=8083"},"modified":"2025-07-22T11:41:37","modified_gmt":"2025-07-22T11:41:37","slug":"preguntas-frecuentes","status":"publish","type":"page","link":"https:\/\/unasenorafiesta.org\/es\/preguntas-frecuentes\/","title":{"rendered":"FAQ"},"content":{"rendered":"<p>[vc_section css=&#8221;.vc_custom_1650900191729{padding-top: 3em !important;padding-bottom: 8em !important;}&#8221;][vc_row][vc_column][vc_column_text]<\/p>\n<h1 class=\"year-usf\" style=\"text-align: center;\">PREGUNTAS FRECUENTES USF25<\/h1>\n<h1><\/h1>\n<p>[\/vc_column_text][vc_column_text]<strong>\u00bfCu\u00e1ndo se celebra Una Se\u00f1ora Fiesta 2025?<\/strong><\/p>\n<p>\u00bfT\u00fa tambi\u00e9n tienes dudas con la fecha del festival? Hay alguna confusi\u00f3n, sobre todo entre las personas que ven\u00eds de fuera, con el mes de julio (xunetu en asturiano), porque suena m\u00e1s a junio (xuno). Una Se\u00f1ora Fiesta es el 25, 26 y 27 de julio, el mes de la yerba.<\/p>\n<p><strong>\u00a0\u00bfD\u00f3nde se celebra?<\/strong><\/p>\n<p><span style=\"font-weight: 400;\">Este a\u00f1o hay tres jornadas de fiesta y dos lugares donde se van a celebrar. Por un lado est\u00e1 Vegarrionda, donde tendr\u00e1 lugar el Filand\u00f3n del viernes y la romer\u00eda del domingo. Y por otro lado el Teatru de La Ben\u00e9fica en L\u2019Infiestu.\u00a0<\/span><\/p>\n<p><span style=\"font-weight: 400;\">Para llegar a L\u2019Infiestu desde Uvi\u00e9u ten\u00e9is autobuses y la l\u00ednea C6 de cercan\u00edas Renfe (la antigua Feve). Para acercarte a Pilo\u00f1a desde Xix\u00f3n tambi\u00e9n hay buses (tren no).\u00a0<\/span><\/p>\n<p><span style=\"font-weight: 400;\">Para llegar a Vegarrionda, que es una aldea de Pilo\u00f1a a 7 kil\u00f3metros de la capital, L\u2019Infiestu, no hay transporte p\u00fablico, por lo que es necesario buscar otras alternativas para llegar.\u00a0<\/span><\/p>\n<p><span style=\"font-weight: 400;\">Si quer\u00e9is compartir coche, etiquetadnos en las historias de Instagram y compartimos para generar grupos.<\/span><\/p>\n<p><strong>\u00bfEs posible acampar en Una Se\u00f1ora Fiesta<\/strong><strong>?<\/strong><\/p>\n<p>Este a\u00f1o no vamos a contar con zona de acampada para los tres d\u00edas, ya que cada actividad se concibe por separado y en diferentes partes del conceyu de Pilo\u00f1a. Queremos proponer, como siempre, una alternativa de ocio que promueva el cuidado del entorno y del paisaje, as\u00ed como eventos culturales que no nos lleven a consumir un lugar hasta agotarlo. Esto nos parece incompatible con una zona de acampada en un prau tres d\u00edas.<\/p>\n<p><strong>\u00bfHay romer\u00eda por el d\u00eda?<\/strong><\/p>\n<p><span style=\"font-weight: 400;\">S\u00ed, claro que hay romer\u00eda, el domingo 27 de julio a partir de las doce de la ma\u00f1ana se celebra una romer\u00eda de acceso libre en La Bilortera, en Vegarrionda. <\/span><b>Ten\u00e9is que traer la comida de casa<\/b><span style=\"font-weight: 400;\"> y la bebida pod\u00e9is comprarla all\u00ed.<\/span><\/p>\n<p><strong>\u00bfSe sirve comida y bebida?<\/strong><\/p>\n<p><span style=\"font-weight: 400;\">En Una Se\u00f1ora Fiesta va haber servicio de bar tanto en la jornada del s\u00e1bado en el Teatru La Ben\u00e9fica ya que estar\u00e1 abierta la barra de \u201cLa mal\u00e9fica\u201d como en el prau de La Bilortera el domingo donde se servir\u00e1 cerveza artesana Ordum, sidra Viuda d\u2019Angel\u00f3n y ginebra Orbayu, todo producci\u00f3n local. Tenemos unos vasos de policarbonato lavables y retornables para generar la menor cantidad de residuo posible: os cobramos 3 \u20ac por ellos y os devolvemos el dinero cuando nos traig\u00e1is el vaso de vuelta. No va a haber comida.<\/span><\/p>\n<p><strong>\u00bfSe puede pagar con dat\u00e1fono o Bizum?<\/strong><\/p>\n<p><span style=\"font-weight: 400;\">Como somos unes modernes, este a\u00f1o tenemos dat\u00e1fono. En el Teatru de La Ben\u00e9fica se podr\u00e1 pagar con tarjeta y a priori en La Bilortera tambi\u00e9n pero, y este \u201cpero\u201d es lo m\u00e1s importante de este p\u00e1rrafo, es una zona rural donde la cobertura es bastante inestable. As\u00ed que antes de subir a la romer\u00eda de Vegarrionda, pasad por el cajero en L\u2019Infiestu.<\/span><\/p>\n<p><strong>\u00bfQu\u00e9 necesito llevar? Imprescindibles<\/strong><\/p>\n<p>\u2714 Calzado<br \/>\n\u2714 Linterna o frontal<br \/>\n\u2714 Comida<br \/>\n\u2714 Sombrilla<br \/>\n\u2714 Silla<\/p>\n<p><strong>\u00bfHay ba\u00f1os?<\/strong><\/p>\n<p>S\u00ed, hay ba\u00f1os port\u00e1tiles tanto en la zona de romer\u00eda como en los conciertos.<\/p>\n<p><strong>\u00bfSe admiten perros?<\/strong><\/p>\n<p>Aconsejamos no acudir con perros a Una Se\u00f1ora Fiesta, porque no es el ambiente m\u00e1s apropiado, por el ruido y el n\u00famero de gente, ni de bienestar para nuestros amigos de cuatro patas.<\/p>\n<p>&nbsp;<\/p>\n<p><strong>Y una petici\u00f3n muy importante: hay que dejar todo tan limpio como lo encontramos. Utilizad las papeleras, no tir\u00e9is chapas ni cristales y traed un estuche para las colillas.<\/strong><\/p>\n<p><strong>No se van a tolerar comentarios, actitudes y\/o conductas violentas, racistas, xen\u00f3fobas, sexistas ni discriminatorias. La organizaci\u00f3n se reserva el derecho a denegar el acceso y permanencia a las personas que mantengan conductas que afecten al disfrute del resto de asistentes.<\/strong>[\/vc_column_text][\/vc_column][\/vc_row][\/vc_section]<\/p>\n","protected":false},"excerpt":{"rendered":"<p>[vc_section css=&#8221;.vc_custom_1650900191729{padding-top: 3em !important;padding-bottom: 8em !important;}&#8221;][vc_row][vc_column][vc_column_text] PREGUNTAS FRECUENTES USF25 [\/vc_column_text][vc_column_text]\u00bfCu\u00e1ndo se celebra Una Se\u00f1ora Fiesta 2025? \u00bfT\u00fa tambi\u00e9n tienes dudas con la fecha del festival? Hay alguna confusi\u00f3n, sobre todo entre las personas que ven\u00eds de fuera, con el mes de julio (xunetu en asturiano), porque suena m\u00e1s a junio (xuno). Una Se\u00f1ora Fiesta es [&hellip;]<\/p>\n","protected":false},"author":1,"featured_media":0,"parent":0,"menu_order":0,"comment_status":"closed","ping_status":"closed","template":"page-boxed.php","meta":{"footnotes":""},"yoast_head":"<!-- This site is optimized with the Yoast SEO plugin v21.8 - https:\/\/yoast.com\/wordpress\/plugins\/seo\/ -->\n<title>Una Se\u00f1ora Fiesta | FAQ<\/title>\n<meta name=\"description\" content=\"Festival art\u00edstico en un entorno rural, Vegarrionda, Pilo\u00f1a (Asturies). Lugar de encuentro para las artes y las propuestas musicales.\" \/>\n<meta name=\"robots\" content=\"index, follow, max-snippet:-1, max-image-preview:large, max-video-preview:-1\" \/>\n<link rel=\"canonical\" href=\"https:\/\/unasenorafiesta.org\/es\/preguntas-frecuentes\/\" \/>\n<meta property=\"og:locale\" content=\"es_ES\" \/>\n<meta property=\"og:type\" content=\"article\" \/>\n<meta property=\"og:title\" content=\"Una Se\u00f1ora Fiesta | FAQ\" \/>\n<meta property=\"og:description\" content=\"Festival art\u00edstico en un entorno rural, Vegarrionda, Pilo\u00f1a (Asturies). Lugar de encuentro para las artes y las propuestas musicales.\" \/>\n<meta property=\"og:url\" content=\"https:\/\/unasenorafiesta.org\/es\/preguntas-frecuentes\/\" \/>\n<meta property=\"og:site_name\" content=\"Una Se\u00f1ora Fiesta\" \/>\n<meta property=\"article:modified_time\" content=\"2025-07-22T11:41:37+00:00\" \/>\n<meta property=\"og:image\" content=\"http:\/\/unasenorafiesta.org\/wp-content\/uploads\/2025\/06\/USF25-PORTADA.jpg\" \/>\n\t<meta property=\"og:image:width\" content=\"1500\" \/>\n\t<meta property=\"og:image:height\" content=\"555\" \/>\n\t<meta property=\"og:image:type\" content=\"image\/jpeg\" \/>\n<meta name=\"twitter:card\" content=\"summary_large_image\" \/>\n<meta name=\"twitter:label1\" content=\"Tiempo de lectura\" \/>\n\t<meta name=\"twitter:data1\" content=\"4 minutos\" \/>\n<script type=\"application\/ld+json\" class=\"yoast-schema-graph\">{\"@context\":\"https:\/\/schema.org\",\"@graph\":[{\"@type\":\"WebPage\",\"@id\":\"https:\/\/unasenorafiesta.org\/es\/preguntas-frecuentes\/\",\"url\":\"https:\/\/unasenorafiesta.org\/es\/preguntas-frecuentes\/\",\"name\":\"Una Se\u00f1ora Fiesta | FAQ\",\"isPartOf\":{\"@id\":\"https:\/\/unasenorafiesta.org\/es\/#website\"},\"datePublished\":\"2023-07-10T11:58:55+00:00\",\"dateModified\":\"2025-07-22T11:41:37+00:00\",\"description\":\"Festival art\u00edstico en un entorno rural, Vegarrionda, Pilo\u00f1a (Asturies). Lugar de encuentro para las artes y las propuestas musicales.\",\"breadcrumb\":{\"@id\":\"https:\/\/unasenorafiesta.org\/es\/preguntas-frecuentes\/#breadcrumb\"},\"inLanguage\":\"es\",\"potentialAction\":[{\"@type\":\"ReadAction\",\"target\":[\"https:\/\/unasenorafiesta.org\/es\/preguntas-frecuentes\/\"]}]},{\"@type\":\"BreadcrumbList\",\"@id\":\"https:\/\/unasenorafiesta.org\/es\/preguntas-frecuentes\/#breadcrumb\",\"itemListElement\":[{\"@type\":\"ListItem\",\"position\":1,\"name\":\"Portada\",\"item\":\"https:\/\/unasenorafiesta.org\/es\/\"},{\"@type\":\"ListItem\",\"position\":2,\"name\":\"FAQ\"}]},{\"@type\":\"WebSite\",\"@id\":\"https:\/\/unasenorafiesta.org\/es\/#website\",\"url\":\"https:\/\/unasenorafiesta.org\/es\/\",\"name\":\"Una Se\u00f1ora Fiesta\",\"description\":\"Festival art\u00edstico en un entorno rural\",\"potentialAction\":[{\"@type\":\"SearchAction\",\"target\":{\"@type\":\"EntryPoint\",\"urlTemplate\":\"https:\/\/unasenorafiesta.org\/es\/?s={search_term_string}\"},\"query-input\":\"required name=search_term_string\"}],\"inLanguage\":\"es\"}]}<\/script>\n<!-- \/ Yoast SEO plugin. -->","yoast_head_json":{"title":"Una Se\u00f1ora Fiesta | FAQ","description":"Festival art\u00edstico en un entorno rural, Vegarrionda, Pilo\u00f1a (Asturies). Lugar de encuentro para las artes y las propuestas musicales.","robots":{"index":"index","follow":"follow","max-snippet":"max-snippet:-1","max-image-preview":"max-image-preview:large","max-video-preview":"max-video-preview:-1"},"canonical":"https:\/\/unasenorafiesta.org\/es\/preguntas-frecuentes\/","og_locale":"es_ES","og_type":"article","og_title":"Una Se\u00f1ora Fiesta | FAQ","og_description":"Festival art\u00edstico en un entorno rural, Vegarrionda, Pilo\u00f1a (Asturies). Lugar de encuentro para las artes y las propuestas musicales.","og_url":"https:\/\/unasenorafiesta.org\/es\/preguntas-frecuentes\/","og_site_name":"Una Se\u00f1ora Fiesta","article_modified_time":"2025-07-22T11:41:37+00:00","og_image":[{"width":1500,"height":555,"url":"http:\/\/unasenorafiesta.org\/wp-content\/uploads\/2025\/06\/USF25-PORTADA.jpg","type":"image\/jpeg"}],"twitter_card":"summary_large_image","twitter_misc":{"Tiempo de lectura":"4 minutos"},"schema":{"@context":"https:\/\/schema.org","@graph":[{"@type":"WebPage","@id":"https:\/\/unasenorafiesta.org\/es\/preguntas-frecuentes\/","url":"https:\/\/unasenorafiesta.org\/es\/preguntas-frecuentes\/","name":"Una Se\u00f1ora Fiesta | FAQ","isPartOf":{"@id":"https:\/\/unasenorafiesta.org\/es\/#website"},"datePublished":"2023-07-10T11:58:55+00:00","dateModified":"2025-07-22T11:41:37+00:00","description":"Festival art\u00edstico en un entorno rural, Vegarrionda, Pilo\u00f1a (Asturies). Lugar de encuentro para las artes y las propuestas musicales.","breadcrumb":{"@id":"https:\/\/unasenorafiesta.org\/es\/preguntas-frecuentes\/#breadcrumb"},"inLanguage":"es","potentialAction":[{"@type":"ReadAction","target":["https:\/\/unasenorafiesta.org\/es\/preguntas-frecuentes\/"]}]},{"@type":"BreadcrumbList","@id":"https:\/\/unasenorafiesta.org\/es\/preguntas-frecuentes\/#breadcrumb","itemListElement":[{"@type":"ListItem","position":1,"name":"Portada","item":"https:\/\/unasenorafiesta.org\/es\/"},{"@type":"ListItem","position":2,"name":"FAQ"}]},{"@type":"WebSite","@id":"https:\/\/unasenorafiesta.org\/es\/#website","url":"https:\/\/unasenorafiesta.org\/es\/","name":"Una Se\u00f1ora Fiesta","description":"Festival art\u00edstico en un entorno rural","potentialAction":[{"@type":"SearchAction","target":{"@type":"EntryPoint","urlTemplate":"https:\/\/unasenorafiesta.org\/es\/?s={search_term_string}"},"query-input":"required name=search_term_string"}],"inLanguage":"es"}]}},"jetpack_sharing_enabled":true,"_links":{"self":[{"href":"https:\/\/unasenorafiesta.org\/es\/wp-json\/wp\/v2\/pages\/8083"}],"collection":[{"href":"https:\/\/unasenorafiesta.org\/es\/wp-json\/wp\/v2\/pages"}],"about":[{"href":"https:\/\/unasenorafiesta.org\/es\/wp-json\/wp\/v2\/types\/page"}],"author":[{"embeddable":true,"href":"https:\/\/unasenorafiesta.org\/es\/wp-json\/wp\/v2\/users\/1"}],"replies":[{"embeddable":true,"href":"https:\/\/unasenorafiesta.org\/es\/wp-json\/wp\/v2\/comments?post=8083"}],"version-history":[{"count":10,"href":"https:\/\/unasenorafiesta.org\/es\/wp-json\/wp\/v2\/pages\/8083\/revisions"}],"predecessor-version":[{"id":9099,"href":"https:\/\/unasenorafiesta.org\/es\/wp-json\/wp\/v2\/pages\/8083\/revisions\/9099"}],"wp:attachment":[{"href":"https:\/\/unasenorafiesta.org\/es\/wp-json\/wp\/v2\/media?parent=8083"}],"curies":[{"name":"wp","href":"https:\/\/api.w.org\/{rel}","templated":true}]}}