{"id":5547,"date":"2023-02-23T09:18:13","date_gmt":"2023-02-23T09:18:13","guid":{"rendered":"https:\/\/unasenorafiesta.org\/?page_id=5547"},"modified":"2024-01-11T08:37:57","modified_gmt":"2024-01-11T08:37:57","slug":"usf-23","status":"publish","type":"page","link":"https:\/\/unasenorafiesta.org\/es\/usf-23\/","title":{"rendered":"USF 23"},"content":{"rendered":"<p>[vc_section][vc_row][vc_column offset=&#8221;vc_hidden-sm vc_hidden-xs&#8221;][vc_single_image image=&#8221;7854&#8243; img_size=&#8221;full&#8221;][\/vc_column][\/vc_row][vc_row][vc_column offset=&#8221;vc_hidden-lg vc_hidden-md&#8221;][vc_single_image image=&#8221;7856&#8243; img_size=&#8221;full&#8221;][\/vc_column][\/vc_row][vc_row][vc_column width=&#8221;1\/3&#8243; offset=&#8221;vc_hidden-sm vc_hidden-xs&#8221;][vc_column_text]<\/p>\n<h2 style=\"text-align: right;\"><span style=\"color: #5e00bf;\"><span style=\"color: #ff6783;\">Una<\/span><br \/>\n<\/span><span style=\"color: #ff6783;\">Se\u00f1ora<\/span><br \/>\n<span style=\"color: #ff6783;\">Fiesta<\/span><\/h2>\n<h3 style=\"text-align: right;\"><span style=\"color: #ff6783;\">Un festival<\/span><br \/>\n<span style=\"color: #ff6783;\">art\u00edstico en un<\/span><br \/>\n<span style=\"color: #ff6783;\">entorno rural.<\/span><\/h3>\n<p>[\/vc_column_text][\/vc_column][vc_column width=&#8221;2\/3&#8243; offset=&#8221;vc_hidden-sm vc_hidden-xs&#8221;][vc_column_text]<\/p>\n<div dir=\"auto\">\n<p><span style=\"font-weight: 400;\"><strong>Una Se\u00f1ora Fiesta<\/strong> surgi\u00f3 como un lugar de encuentro para las artes y las propuestas musicales en el entorno rural del oriente asturiano. Y con este esp\u00edritu volvemos a la Bilortera para la \u00a1\u00a1SEXTA!! edici\u00f3n de USF. La verdad que parece mentira que ya hayan pasado tantos a\u00f1os.<\/span><\/p>\n<p>Seguimos trabajando para ofreceros un cartel de las mejores m\u00fasicas populares de nuevas tendencias, gente que entendemos que tiene que conocer el Se\u00f1or\u00edo de Vegarrionda. O porque acaban de empezar en el mundo de la m\u00fasica y creemos que van a tener un largo recorrido o porque son artistas que llevan ya tiempo en la m\u00fasica, pero que nos siguen sorprendiendo, siguen siendo audaces, nos siguen paeciendo un grupo que acabamos de descubrir.<\/p>\n<div dir=\"auto\">\n<div dir=\"auto\">Todav\u00eda no vamos a desvelar los grupos que van a venir a esta edici\u00f3n, pero creemos que cuando ve\u00e1is el cartel, vais a flipar pero lo m\u00e1s grande.<\/div>\n<\/div>\n<\/div>\n<p style=\"text-align: justify;\"><em><strong>\u00a1\u00a1\u00a1 Qu\u00e9 ganas de que llegue USF \u201823 !!!<\/strong><\/em><\/p>\n<p>[\/vc_column_text][\/vc_column][\/vc_row][vc_row][vc_column width=&#8221;1\/3&#8243; offset=&#8221;vc_hidden-lg vc_hidden-md&#8221;][vc_column_text]<\/p>\n<h2 style=\"text-align: center;\"><span style=\"color: #5e00bf;\"><span style=\"color: #ff6783;\">Una<br \/>\n<\/span><\/span><span style=\"color: #ff6783;\">Se\u00f1ora<\/span><br \/>\n<span style=\"color: #ff6783;\">Fiesta<\/span><\/h2>\n<h3 style=\"text-align: center;\"><span style=\"color: #ff6783;\">art\u00edstico en un<br \/>\nentorno rural.<\/span><\/h3>\n<p>[\/vc_column_text][\/vc_column][vc_column width=&#8221;2\/3&#8243; offset=&#8221;vc_hidden-lg vc_hidden-md&#8221;][vc_column_text]<\/p>\n<div dir=\"auto\">\n<p><span style=\"font-weight: 400;\"><strong>Una Se\u00f1ora Fiesta<\/strong> surgi\u00f3 como un lugar de encuentro para las artes y las propuestas musicales en el entorno rural del oriente asturiano. Y con este esp\u00edritu volvemos a la Bilortera para la \u00a1\u00a1SEXTA!! edici\u00f3n de USF. La verdad que parece mentira que ya hayan pasado tantos a\u00f1os.<\/span><\/p>\n<p>Seguimos trabajando para ofreceros un cartel de las mejores m\u00fasicas populares de nuevas tendencias, gente que entendemos que tiene que conocer el Se\u00f1or\u00edo de Vegarrionda. O porque acaban de empezar en el mundo de la m\u00fasica y creemos que van a tener un largo recorrido o porque son artistas que llevan ya tiempo en la m\u00fasica, pero que nos siguen sorprendiendo, siguen siendo audaces, nos siguen paeciendo un grupo que acabamos de descubrir.<\/p>\n<div dir=\"auto\">\n<div dir=\"auto\">Todav\u00eda no vamos a desvelar los grupos que van a venir a esta edici\u00f3n, pero creemos que cuando ve\u00e1is el cartel, vais a flipar pero lo m\u00e1s grande.<\/div>\n<\/div>\n<\/div>\n<p style=\"text-align: justify;\"><em><strong>\u00a1\u00a1\u00a1 Qu\u00e9 ganas de que llegue USF \u201823 !!!<\/strong><\/em><\/p>\n<p>[\/vc_column_text][\/vc_column][\/vc_row][vc_row gap=&#8221;25&#8243; css=&#8221;.vc_custom_1650738105824{padding-top: 3em !important;padding-bottom: 8em !important;}&#8221;][vc_column css=&#8221;.vc_custom_1681838827630{background-color: #ff6783 !important;}&#8221;][vc_column_text]<\/p>\n<h2 style=\"text-align: center;\"><a href=\"https:\/\/unasenorafiesta.org\/es\/artistas\/\"><span style=\"color: #ffffff;\">ARTISTAS<\/span><\/a><\/h2>\n<p>[\/vc_column_text][\/vc_column][\/vc_row][\/vc_section]<\/p>\n","protected":false},"excerpt":{"rendered":"<p>[vc_section][vc_row][vc_column offset=&#8221;vc_hidden-sm vc_hidden-xs&#8221;][vc_single_image image=&#8221;7854&#8243; img_size=&#8221;full&#8221;][\/vc_column][\/vc_row][vc_row][vc_column offset=&#8221;vc_hidden-lg vc_hidden-md&#8221;][vc_single_image image=&#8221;7856&#8243; img_size=&#8221;full&#8221;][\/vc_column][\/vc_row][vc_row][vc_column width=&#8221;1\/3&#8243; offset=&#8221;vc_hidden-sm vc_hidden-xs&#8221;][vc_column_text] Una Se\u00f1ora Fiesta Un festival art\u00edstico en un entorno rural. [\/vc_column_text][\/vc_column][vc_column width=&#8221;2\/3&#8243; offset=&#8221;vc_hidden-sm vc_hidden-xs&#8221;][vc_column_text] Una Se\u00f1ora Fiesta surgi\u00f3 como un lugar de encuentro para las artes y las propuestas musicales en el entorno rural del oriente asturiano. Y con este esp\u00edritu volvemos a [&hellip;]<\/p>\n","protected":false},"author":1,"featured_media":0,"parent":0,"menu_order":0,"comment_status":"closed","ping_status":"closed","template":"","meta":{"footnotes":""},"yoast_head":"<!-- This site is optimized with the Yoast SEO plugin v21.8 - https:\/\/yoast.com\/wordpress\/plugins\/seo\/ -->\n<title>Una Se\u00f1ora Fiesta | USF 23<\/title>\n<meta name=\"description\" content=\"Festival art\u00edstico en un entorno rural, Vegarrionda, Pilo\u00f1a (Asturies). Lugar de encuentro para las artes y las propuestas musicales.\" \/>\n<meta name=\"robots\" content=\"index, follow, max-snippet:-1, max-image-preview:large, max-video-preview:-1\" \/>\n<link rel=\"canonical\" href=\"https:\/\/unasenorafiesta.org\/es\/usf-23\/\" \/>\n<meta property=\"og:locale\" content=\"es_ES\" \/>\n<meta property=\"og:type\" content=\"article\" \/>\n<meta property=\"og:title\" content=\"Una Se\u00f1ora Fiesta | USF 23\" \/>\n<meta property=\"og:description\" content=\"Festival art\u00edstico en un entorno rural, Vegarrionda, Pilo\u00f1a (Asturies). Lugar de encuentro para las artes y las propuestas musicales.\" \/>\n<meta property=\"og:url\" content=\"https:\/\/unasenorafiesta.org\/es\/usf-23\/\" \/>\n<meta property=\"og:site_name\" content=\"Una Se\u00f1ora Fiesta\" \/>\n<meta property=\"article:modified_time\" content=\"2024-01-11T08:37:57+00:00\" \/>\n<meta property=\"og:image\" content=\"https:\/\/unasenorafiesta.org\/wp-content\/uploads\/2025\/06\/USF25-PORTADA.jpg\" \/>\n\t<meta property=\"og:image:width\" content=\"1500\" \/>\n\t<meta property=\"og:image:height\" content=\"555\" \/>\n\t<meta property=\"og:image:type\" content=\"image\/jpeg\" \/>\n<meta name=\"twitter:card\" content=\"summary_large_image\" \/>\n<meta name=\"twitter:label1\" content=\"Tiempo de lectura\" \/>\n\t<meta name=\"twitter:data1\" content=\"3 minutos\" \/>\n<script type=\"application\/ld+json\" class=\"yoast-schema-graph\">{\"@context\":\"https:\/\/schema.org\",\"@graph\":[{\"@type\":\"WebPage\",\"@id\":\"https:\/\/unasenorafiesta.org\/es\/usf-23\/\",\"url\":\"https:\/\/unasenorafiesta.org\/es\/usf-23\/\",\"name\":\"Una Se\u00f1ora Fiesta | USF 23\",\"isPartOf\":{\"@id\":\"https:\/\/unasenorafiesta.org\/es\/#website\"},\"datePublished\":\"2023-02-23T09:18:13+00:00\",\"dateModified\":\"2024-01-11T08:37:57+00:00\",\"description\":\"Festival art\u00edstico en un entorno rural, Vegarrionda, Pilo\u00f1a (Asturies). Lugar de encuentro para las artes y las propuestas musicales.\",\"breadcrumb\":{\"@id\":\"https:\/\/unasenorafiesta.org\/es\/usf-23\/#breadcrumb\"},\"inLanguage\":\"es\",\"potentialAction\":[{\"@type\":\"ReadAction\",\"target\":[\"https:\/\/unasenorafiesta.org\/es\/usf-23\/\"]}]},{\"@type\":\"BreadcrumbList\",\"@id\":\"https:\/\/unasenorafiesta.org\/es\/usf-23\/#breadcrumb\",\"itemListElement\":[{\"@type\":\"ListItem\",\"position\":1,\"name\":\"Portada\",\"item\":\"https:\/\/unasenorafiesta.org\/es\/\"},{\"@type\":\"ListItem\",\"position\":2,\"name\":\"USF 23\"}]},{\"@type\":\"WebSite\",\"@id\":\"https:\/\/unasenorafiesta.org\/es\/#website\",\"url\":\"https:\/\/unasenorafiesta.org\/es\/\",\"name\":\"Una Se\u00f1ora Fiesta\",\"description\":\"Festival art\u00edstico en un entorno rural\",\"potentialAction\":[{\"@type\":\"SearchAction\",\"target\":{\"@type\":\"EntryPoint\",\"urlTemplate\":\"https:\/\/unasenorafiesta.org\/es\/?s={search_term_string}\"},\"query-input\":\"required name=search_term_string\"}],\"inLanguage\":\"es\"}]}<\/script>\n<!-- \/ Yoast SEO plugin. -->","yoast_head_json":{"title":"Una Se\u00f1ora Fiesta | USF 23","description":"Festival art\u00edstico en un entorno rural, Vegarrionda, Pilo\u00f1a (Asturies). Lugar de encuentro para las artes y las propuestas musicales.","robots":{"index":"index","follow":"follow","max-snippet":"max-snippet:-1","max-image-preview":"max-image-preview:large","max-video-preview":"max-video-preview:-1"},"canonical":"https:\/\/unasenorafiesta.org\/es\/usf-23\/","og_locale":"es_ES","og_type":"article","og_title":"Una Se\u00f1ora Fiesta | USF 23","og_description":"Festival art\u00edstico en un entorno rural, Vegarrionda, Pilo\u00f1a (Asturies). Lugar de encuentro para las artes y las propuestas musicales.","og_url":"https:\/\/unasenorafiesta.org\/es\/usf-23\/","og_site_name":"Una Se\u00f1ora Fiesta","article_modified_time":"2024-01-11T08:37:57+00:00","og_image":[{"width":1500,"height":555,"url":"https:\/\/unasenorafiesta.org\/wp-content\/uploads\/2025\/06\/USF25-PORTADA.jpg","type":"image\/jpeg"}],"twitter_card":"summary_large_image","twitter_misc":{"Tiempo de lectura":"3 minutos"},"schema":{"@context":"https:\/\/schema.org","@graph":[{"@type":"WebPage","@id":"https:\/\/unasenorafiesta.org\/es\/usf-23\/","url":"https:\/\/unasenorafiesta.org\/es\/usf-23\/","name":"Una Se\u00f1ora Fiesta | USF 23","isPartOf":{"@id":"https:\/\/unasenorafiesta.org\/es\/#website"},"datePublished":"2023-02-23T09:18:13+00:00","dateModified":"2024-01-11T08:37:57+00:00","description":"Festival art\u00edstico en un entorno rural, Vegarrionda, Pilo\u00f1a (Asturies). Lugar de encuentro para las artes y las propuestas musicales.","breadcrumb":{"@id":"https:\/\/unasenorafiesta.org\/es\/usf-23\/#breadcrumb"},"inLanguage":"es","potentialAction":[{"@type":"ReadAction","target":["https:\/\/unasenorafiesta.org\/es\/usf-23\/"]}]},{"@type":"BreadcrumbList","@id":"https:\/\/unasenorafiesta.org\/es\/usf-23\/#breadcrumb","itemListElement":[{"@type":"ListItem","position":1,"name":"Portada","item":"https:\/\/unasenorafiesta.org\/es\/"},{"@type":"ListItem","position":2,"name":"USF 23"}]},{"@type":"WebSite","@id":"https:\/\/unasenorafiesta.org\/es\/#website","url":"https:\/\/unasenorafiesta.org\/es\/","name":"Una Se\u00f1ora Fiesta","description":"Festival art\u00edstico en un entorno rural","potentialAction":[{"@type":"SearchAction","target":{"@type":"EntryPoint","urlTemplate":"https:\/\/unasenorafiesta.org\/es\/?s={search_term_string}"},"query-input":"required name=search_term_string"}],"inLanguage":"es"}]}},"jetpack_sharing_enabled":true,"_links":{"self":[{"href":"https:\/\/unasenorafiesta.org\/es\/wp-json\/wp\/v2\/pages\/5547"}],"collection":[{"href":"https:\/\/unasenorafiesta.org\/es\/wp-json\/wp\/v2\/pages"}],"about":[{"href":"https:\/\/unasenorafiesta.org\/es\/wp-json\/wp\/v2\/types\/page"}],"author":[{"embeddable":true,"href":"https:\/\/unasenorafiesta.org\/es\/wp-json\/wp\/v2\/users\/1"}],"replies":[{"embeddable":true,"href":"https:\/\/unasenorafiesta.org\/es\/wp-json\/wp\/v2\/comments?post=5547"}],"version-history":[{"count":15,"href":"https:\/\/unasenorafiesta.org\/es\/wp-json\/wp\/v2\/pages\/5547\/revisions"}],"predecessor-version":[{"id":8115,"href":"https:\/\/unasenorafiesta.org\/es\/wp-json\/wp\/v2\/pages\/5547\/revisions\/8115"}],"wp:attachment":[{"href":"https:\/\/unasenorafiesta.org\/es\/wp-json\/wp\/v2\/media?parent=5547"}],"curies":[{"name":"wp","href":"https:\/\/api.w.org\/{rel}","templated":true}]}}