{"id":3319,"date":"2022-04-21T15:16:34","date_gmt":"2022-04-21T15:16:34","guid":{"rendered":"http:\/\/unasenorafiesta.org\/?page_id=3319"},"modified":"2024-01-11T08:37:46","modified_gmt":"2024-01-11T08:37:46","slug":"artistas-22","status":"publish","type":"page","link":"https:\/\/unasenorafiesta.org\/es\/artistas-22\/","title":{"rendered":"Artistas"},"content":{"rendered":"<p>[vc_section][vc_row full_width=&#8221;stretch_row_content_no_spaces&#8221;][vc_column width=&#8221;1\/4&#8243;][vc_single_image image=&#8221;3530&#8243; img_size=&#8221;full&#8221; onclick=&#8221;custom_link&#8221; link=&#8221;#lr&#8221;][\/vc_column][vc_column width=&#8221;1\/4&#8243;][vc_single_image image=&#8221;3531&#8243; img_size=&#8221;full&#8221; onclick=&#8221;custom_link&#8221; link=&#8221;#maria&#8221;][\/vc_column][vc_column width=&#8221;1\/4&#8243;][vc_single_image image=&#8221;3529&#8243; img_size=&#8221;full&#8221; onclick=&#8221;custom_link&#8221; link=&#8221;#ghetto&#8221;][\/vc_column][vc_column width=&#8221;1\/4&#8243;][vc_single_image image=&#8221;3528&#8243; img_size=&#8221;full&#8221; onclick=&#8221;custom_link&#8221; link=&#8221;#disco&#8221;][\/vc_column][\/vc_row][\/vc_section][vc_section full_width=&#8221;stretch_row&#8221; css=&#8221;.vc_custom_1650989311930{margin-bottom: -52px !important;padding-top: 3em !important;padding-bottom: 0px !important;}&#8221; el_id=&#8221;lr&#8221;][vc_row equal_height=&#8221;yes&#8221; css=&#8221;.vc_custom_1650989156972{padding-bottom: 0em !important;background-position: center !important;background-repeat: no-repeat !important;background-size: cover !important;}&#8221;][vc_column width=&#8221;1\/3&#8243; css=&#8221;.vc_custom_1650966099569{padding-right: 35px !important;padding-left: 35px !important;}&#8221;][vc_column_text]<\/p>\n<h2 class=\"artistas\" style=\"text-align: right;\">L-R<\/h2>\n<p>[\/vc_column_text][\/vc_column][vc_column width=&#8221;2\/3&#8243; css=&#8221;.vc_custom_1650966138875{padding-right: 35px !important;padding-left: 35px !important;background-position: center !important;background-repeat: no-repeat !important;background-size: cover !important;}&#8221;][vc_column_text]<\/p>\n<h3>23 DE JULIO<\/h3>\n<p>[\/vc_column_text][vc_column_text]<\/p>\n<p style=\"text-align: justify;\"><strong>L-R<\/strong> son las siglas bajo las que podemos encontrar a Leticia Baselgas y a Rub\u00e9n Bada, d\u00fao asturiano que practica lo que ellos mismos definen como post-folk asturianu. Y es que combinar los ritmos y las estructuras del baile tradicional asturiano con sonidos fronterizos cercanos al blues o el rock es algo que a priori se antoja complicado pero que <strong>L-R<\/strong> resuelven de manera magistral creando algo nuevo, diferente y tremendamente adictivo.<\/p>\n<p>[\/vc_column_text][\/vc_column][\/vc_row][vc_row full_width=&#8221;stretch_row_content_no_spaces&#8221;][vc_column][vc_video link=&#8221;https:\/\/youtu.be\/jyXxf2xpZkE&#8221; align=&#8221;center&#8221;][\/vc_column][\/vc_row][\/vc_section][vc_section full_width=&#8221;stretch_row&#8221; css=&#8221;.vc_custom_1651046956442{margin-bottom: -52px !important;padding-top: 5em !important;padding-bottom: 0px !important;background-color: #f6c500 !important;}&#8221; el_id=&#8221;maria&#8221;][vc_row equal_height=&#8221;yes&#8221; css=&#8221;.vc_custom_1650966228064{background-position: center !important;background-repeat: no-repeat !important;background-size: cover !important;}&#8221;][vc_column width=&#8221;1\/3&#8243; css=&#8221;.vc_custom_1651055694616{padding-right: 35px !important;padding-left: 35px !important;}&#8221;][vc_column_text]<\/p>\n<h2 class=\"artistas\" style=\"text-align: right;\">Mar\u00eda Arnal i<br \/>\nMarcel Bag\u00e9s<\/h2>\n<p>[\/vc_column_text][\/vc_column][vc_column width=&#8221;2\/3&#8243; css=&#8221;.vc_custom_1651055690879{padding-right: 35px !important;padding-left: 35px !important;background-position: center !important;background-repeat: no-repeat !important;background-size: cover !important;}&#8221;][vc_column_text]<\/p>\n<h3>23 DE JULIO<\/h3>\n<p>[\/vc_column_text][vc_column_text]<\/p>\n<p style=\"text-align: justify;\">Cuando <strong>Maria Arnal i Marcel Bag\u00e9s<\/strong> volvieron a empezar, sab\u00edan que el viento soplaba -\u00a1y c\u00f3mo soplaba!- de cara. Pero tambi\u00e9n que su segundo \u00e1lbum, <strong><em>CLAMOR<\/em> <\/strong>(Fina Estampa, 2021), era (es) un milagro: una f\u00e1bula contra-pand\u00e9mica que reivindica nuestra propia vulnerabilidad; una (hiper) utop\u00eda de pop mutante que renueva por completo el imaginario sonoro de 45 cerebros y 1 coraz\u00f3n (2017) y que ha sido reconocido mejor disco nacional de 2021 en diarios (El Peri\u00f3dico, Ara), revistas musicales (Rockdelux, EfeEme, Alta Fidelidad) y webs especializadas (Crazyminds, Indienauta, Eargasm).<\/p>\n<p style=\"text-align: justify;\">Con su productor, <em>David Soler<\/em>, erigido de facto en tercer componente del d\u00fao, <strong>Maria i Marcel<\/strong> cuajan en directo la tremenda intensidad emocional de una obra que, adem\u00e1s, ha alcanzado el Top3 en Mondo Sonoro, ABC o Enderrock y no ha bajado del Top5 incluso en aquellas publicaciones que, como Jenesaispop, mezclan en sus listas del a\u00f1o referencias nacionales e internacionales. Iniciada el pasado mes de abril en Barcelona con tres sold-outs en el Teatre T\u00edvoli (Barcelona), su gira ha recalado en teatros -Victoria Eugenia (Donostia), Auditorio de Galicia (Santiago)-, citas ineludibles del circuito estival como La Mar de M\u00fasicas (Cartagena), Tomavistas (Madrid) o Jardins de Pedralbes (Barcelona) e incluso festivales donde se ha podido bailar (Vida, BBK Live, Primavera Weekender), dejando a su paso cr\u00edticas extraordinarias y un p\u00fablico sinceramente conmovido. Tambi\u00e9n en Mil\u00e1n y Lugano, donde, a final de julio, celebraron dos actuaciones memorables.<\/p>\n<p style=\"text-align: justify;\">Cincuenta conciertos despu\u00e9s y con el espect\u00e1culo en plenitud, <strong><em>CLAMOR<\/em> <\/strong>se escucha -se siente- m\u00e1s profundo que nunca. La magia de una revelaci\u00f3n, la fuerza de la esperanza.<\/p>\n<p>[\/vc_column_text][\/vc_column][\/vc_row][vc_row full_width=&#8221;stretch_row_content_no_spaces&#8221; css=&#8221;.vc_custom_1650989368779{margin-bottom: -52px !important;}&#8221;][vc_column][vc_video link=&#8221;https:\/\/youtu.be\/BJDQkbVCSZ8&#8243;][\/vc_column][\/vc_row][\/vc_section][vc_section css=&#8221;.vc_custom_1651047057918{padding-top: 8em !important;}&#8221; el_id=&#8221;ghetto&#8221;][vc_row equal_height=&#8221;yes&#8221; css=&#8221;.vc_custom_1650966261273{background-position: center !important;background-repeat: no-repeat !important;background-size: cover !important;}&#8221;][vc_column width=&#8221;1\/3&#8243; css=&#8221;.vc_custom_1650966266079{padding-right: 35px !important;padding-left: 35px !important;}&#8221;][vc_column_text]<\/p>\n<h2 class=\"artistas\" style=\"text-align: right;\">Ghetto<br \/>\nKumb\u00e9<\/h2>\n<p>[\/vc_column_text][\/vc_column][vc_column width=&#8221;2\/3&#8243; css=&#8221;.vc_custom_1650966270579{padding-right: 35px !important;padding-left: 35px !important;background-position: center !important;background-repeat: no-repeat !important;background-size: cover !important;}&#8221;][vc_column_text]<\/p>\n<h3>23 DE JULIO<\/h3>\n<p>[\/vc_column_text][vc_column_text]<\/p>\n<p style=\"text-align: justify;\"><strong>Ghetto Kumb\u00e9,<\/strong> re\u00fane en Bogot\u00e1 3 grandes m\u00fasicos de la costa Caribe de Colombia: <em>Edgardo \u201cGuajiro\u201d Garc\u00e9s, Andr\u00e9s \u201cDocKey\u201d Mercado<\/em> y<em> Juan Carlos \u201cChongo\u201d Puello.<\/em> Este combo de brujos, percusionistas, ha viajado por el mundo con grupos como Sidestepper o La 33 antes de crear su propio proyecto e invocar los p\u00fablicos del mundo entero y los esp\u00edritus de la rumba digital y consiente. Es imposible resistir a sus rituales electr\u00f3nicos\/transe. La culpa la tiene su poderosa base de percusiones, de Afro-House caribe\u00f1o y los ritmos afro-colombianos influenciados por los ritmos tradicionales de \u00c1frica del Oeste.<\/p>\n<p style=\"text-align: justify;\">Inspirado por los diferentes movimientos revolucionarios que emergen en todo el mundo en los \u00faltimos a\u00f1os y de la realidad social en Colombia, <strong>Ghetto Kumb\u00e9<\/strong> es visceral, comprometido y rebelde. A medida que denuncia, con sus ritmos fren\u00e9ticos, las inigualdades y los abusos de gobiernos corruptos, mientras a su vez seduce a los oyentes para que se unan a la lucha. El baile se mezcla con un despertar de conciencia para crear una comunidad global, donde los familiares, amigos y extra\u00f1os se juntan a trav\u00e9s de un amor com\u00fan por la m\u00fasica para activar un cambio entre ellos.<\/p>\n<p style=\"text-align: justify;\">Con su uso de motivos musicales de \u00c1frica y de la costa caribe\u00f1a de Colombia como la gaita, voces que llaman y responden, y una variedad de tambores y ritmos, junto con la elegante producci\u00f3n electr\u00f3nica de Tech\/House, <strong>Ghetto Kumb\u00e9<\/strong> crea un paisaje sonoro afro-futurista con letras que motivan, elevan e inspiran. Su primer simple del \u00e1lbum, <strong><em>\u201cVamo a Dale Duro\u201d<\/em><\/strong>, es una cr\u00edtica fluorescente de la divisi\u00f3n injusta entre los pobres y los ricos, la creciente prominencia de pol\u00edticos sucios, y la \u00e9tica del sistema capitalista, mientras alienta a la gente para que se pongan de pie y luchen por una existencia digna. El tono del \u00e1lbum va cambiando fluidamente entre pistas que incluyen cantos ancestrales, voces profundas y resonantes, e himnos que te levantan y te inspiran, adem\u00e1s de colaboraciones de Melanie, la artista ascendente de la isla de Reuni\u00f3n, y Kombilesa Mi, la banda de folk\/hip-hop de Palenque.<\/p>\n<p>[\/vc_column_text][\/vc_column][\/vc_row][vc_row full_width=&#8221;stretch_row_content_no_spaces&#8221;][vc_column][vc_video link=&#8221;https:\/\/youtu.be\/2PSbwZzhbQk&#8221;][\/vc_column][\/vc_row][\/vc_section][vc_section full_width=&#8221;stretch_row&#8221; css=&#8221;.vc_custom_1651047388916{margin-top: -52px !important;margin-bottom: -40px !important;padding-top: 5em !important;background-color: #f6c500 !important;}&#8221; el_id=&#8221;disco&#8221;][vc_row equal_height=&#8221;yes&#8221; css=&#8221;.vc_custom_1650966261273{background-position: center !important;background-repeat: no-repeat !important;background-size: cover !important;}&#8221;][vc_column width=&#8221;1\/3&#8243; css=&#8221;.vc_custom_1650966266079{padding-right: 35px !important;padding-left: 35px !important;}&#8221;][vc_column_text]<\/p>\n<h2 class=\"artistas\" style=\"text-align: right;\">El Cuerpo<br \/>\ndel Disco<\/h2>\n<p>[\/vc_column_text][\/vc_column][vc_column width=&#8221;2\/3&#8243; css=&#8221;.vc_custom_1650966270579{padding-right: 35px !important;padding-left: 35px !important;background-position: center !important;background-repeat: no-repeat !important;background-size: cover !important;}&#8221;][vc_column_text]<\/p>\n<h3>23 DE JULIO<\/h3>\n<p>[\/vc_column_text][vc_column_text]<\/p>\n<p style=\"text-align: justify;\"><strong><em>Yayo y Eloi<\/em><\/strong> son hermanos, compostelanos y residentes en Madrid. Ellos son los DJs y promotores de El cuerpo del Disco, la fiesta que ha ayudado a traer al presente madrile\u00f1o la fiebre por las noches divertidas, el fervor por la m\u00fasica disco y su correspondencia f\u00edsica en los cuerpos de los asistentes: bailar como s\u00edntoma de la noche.<\/p>\n<p style=\"text-align: justify;\">En sus sesiones caben desde disco orquestal, boogie, house y Hi-NRG hasta producciones electr\u00f3nicas actuales y de los 80. Actualmente tienen residencias mensuales en Caf\u00e9 Berl\u00edn, la Sala El Sol y la Sala El S\u00f3tano, y m\u00e1s espor\u00e1dicas en Sala Siroco. Su recorrido comenz\u00f3 en el Rolling Dance &amp; Burger, la hist\u00f3rica pista de patinaje de la Estaci\u00f3n de Chamart\u00edn donde llevaron a sesiones roller multitudinarias. Adem\u00e1s, son parte del equipo de las exitosas fiestas Fantasma y La Casa del \u00c1cido.<\/p>\n<p style=\"text-align: justify;\">En enero 2018 fueron programadores de una de las noches del festival Absolut Manifesto.<\/p>\n<p>[\/vc_column_text][\/vc_column][\/vc_row][vc_row full_width=&#8221;stretch_row_content_no_spaces&#8221; css=&#8221;.vc_custom_1651047349361{margin-bottom: -52px !important;}&#8221;][vc_column][vc_video link=&#8221;https:\/\/youtu.be\/K753OKmKgHI&#8221;][\/vc_column][\/vc_row][\/vc_section]<\/p>\n","protected":false},"excerpt":{"rendered":"<p>[vc_section][vc_row full_width=&#8221;stretch_row_content_no_spaces&#8221;][vc_column width=&#8221;1\/4&#8243;][vc_single_image image=&#8221;3530&#8243; img_size=&#8221;full&#8221; onclick=&#8221;custom_link&#8221; link=&#8221;#lr&#8221;][\/vc_column][vc_column width=&#8221;1\/4&#8243;][vc_single_image image=&#8221;3531&#8243; img_size=&#8221;full&#8221; onclick=&#8221;custom_link&#8221; link=&#8221;#maria&#8221;][\/vc_column][vc_column width=&#8221;1\/4&#8243;][vc_single_image image=&#8221;3529&#8243; img_size=&#8221;full&#8221; onclick=&#8221;custom_link&#8221; link=&#8221;#ghetto&#8221;][\/vc_column][vc_column width=&#8221;1\/4&#8243;][vc_single_image image=&#8221;3528&#8243; img_size=&#8221;full&#8221; onclick=&#8221;custom_link&#8221; link=&#8221;#disco&#8221;][\/vc_column][\/vc_row][\/vc_section][vc_section full_width=&#8221;stretch_row&#8221; css=&#8221;.vc_custom_1650989311930{margin-bottom: -52px !important;padding-top: 3em !important;padding-bottom: 0px !important;}&#8221; el_id=&#8221;lr&#8221;][vc_row equal_height=&#8221;yes&#8221; css=&#8221;.vc_custom_1650989156972{padding-bottom: 0em !important;background-position: center !important;background-repeat: no-repeat !important;background-size: cover !important;}&#8221;][vc_column width=&#8221;1\/3&#8243; css=&#8221;.vc_custom_1650966099569{padding-right: 35px !important;padding-left: 35px !important;}&#8221;][vc_column_text] L-R [\/vc_column_text][\/vc_column][vc_column width=&#8221;2\/3&#8243; css=&#8221;.vc_custom_1650966138875{padding-right: 35px !important;padding-left: 35px !important;background-position: [&hellip;]<\/p>\n","protected":false},"author":1,"featured_media":0,"parent":0,"menu_order":0,"comment_status":"closed","ping_status":"closed","template":"","meta":{"footnotes":""},"yoast_head":"<!-- This site is optimized with the Yoast SEO plugin v21.8 - https:\/\/yoast.com\/wordpress\/plugins\/seo\/ -->\n<title>Una Se\u00f1ora Fiesta | Artistas<\/title>\n<meta name=\"description\" content=\"Festival art\u00edstico en un entorno rural, Vegarrionda, Pilo\u00f1a (Asturies). Lugar de encuentro para las artes y las propuestas musicales.\" \/>\n<meta name=\"robots\" content=\"index, follow, max-snippet:-1, max-image-preview:large, max-video-preview:-1\" \/>\n<link rel=\"canonical\" href=\"https:\/\/unasenorafiesta.org\/es\/artistas-22\/\" \/>\n<meta property=\"og:locale\" content=\"es_ES\" \/>\n<meta property=\"og:type\" content=\"article\" \/>\n<meta property=\"og:title\" content=\"Una Se\u00f1ora Fiesta | Artistas\" \/>\n<meta property=\"og:description\" content=\"Festival art\u00edstico en un entorno rural, Vegarrionda, Pilo\u00f1a (Asturies). Lugar de encuentro para las artes y las propuestas musicales.\" \/>\n<meta property=\"og:url\" content=\"https:\/\/unasenorafiesta.org\/es\/artistas-22\/\" \/>\n<meta property=\"og:site_name\" content=\"Una Se\u00f1ora Fiesta\" \/>\n<meta property=\"article:modified_time\" content=\"2024-01-11T08:37:46+00:00\" \/>\n<meta property=\"og:image\" content=\"https:\/\/unasenorafiesta.org\/wp-content\/uploads\/2025\/06\/USF25-PORTADA.jpg\" \/>\n\t<meta property=\"og:image:width\" content=\"1500\" \/>\n\t<meta property=\"og:image:height\" content=\"555\" \/>\n\t<meta property=\"og:image:type\" content=\"image\/jpeg\" \/>\n<meta name=\"twitter:card\" content=\"summary_large_image\" \/>\n<meta name=\"twitter:label1\" content=\"Tiempo de lectura\" \/>\n\t<meta name=\"twitter:data1\" content=\"6 minutos\" \/>\n<script type=\"application\/ld+json\" class=\"yoast-schema-graph\">{\"@context\":\"https:\/\/schema.org\",\"@graph\":[{\"@type\":\"WebPage\",\"@id\":\"https:\/\/unasenorafiesta.org\/es\/artistas-22\/\",\"url\":\"https:\/\/unasenorafiesta.org\/es\/artistas-22\/\",\"name\":\"Una Se\u00f1ora Fiesta | Artistas\",\"isPartOf\":{\"@id\":\"https:\/\/unasenorafiesta.org\/es\/#website\"},\"datePublished\":\"2022-04-21T15:16:34+00:00\",\"dateModified\":\"2024-01-11T08:37:46+00:00\",\"description\":\"Festival art\u00edstico en un entorno rural, Vegarrionda, Pilo\u00f1a (Asturies). Lugar de encuentro para las artes y las propuestas musicales.\",\"breadcrumb\":{\"@id\":\"https:\/\/unasenorafiesta.org\/es\/artistas-22\/#breadcrumb\"},\"inLanguage\":\"es\",\"potentialAction\":[{\"@type\":\"ReadAction\",\"target\":[\"https:\/\/unasenorafiesta.org\/es\/artistas-22\/\"]}]},{\"@type\":\"BreadcrumbList\",\"@id\":\"https:\/\/unasenorafiesta.org\/es\/artistas-22\/#breadcrumb\",\"itemListElement\":[{\"@type\":\"ListItem\",\"position\":1,\"name\":\"Portada\",\"item\":\"https:\/\/unasenorafiesta.org\/es\/\"},{\"@type\":\"ListItem\",\"position\":2,\"name\":\"Artistas\"}]},{\"@type\":\"WebSite\",\"@id\":\"https:\/\/unasenorafiesta.org\/es\/#website\",\"url\":\"https:\/\/unasenorafiesta.org\/es\/\",\"name\":\"Una Se\u00f1ora Fiesta\",\"description\":\"Festival art\u00edstico en un entorno rural\",\"potentialAction\":[{\"@type\":\"SearchAction\",\"target\":{\"@type\":\"EntryPoint\",\"urlTemplate\":\"https:\/\/unasenorafiesta.org\/es\/?s={search_term_string}\"},\"query-input\":\"required name=search_term_string\"}],\"inLanguage\":\"es\"}]}<\/script>\n<!-- \/ Yoast SEO plugin. -->","yoast_head_json":{"title":"Una Se\u00f1ora Fiesta | Artistas","description":"Festival art\u00edstico en un entorno rural, Vegarrionda, Pilo\u00f1a (Asturies). Lugar de encuentro para las artes y las propuestas musicales.","robots":{"index":"index","follow":"follow","max-snippet":"max-snippet:-1","max-image-preview":"max-image-preview:large","max-video-preview":"max-video-preview:-1"},"canonical":"https:\/\/unasenorafiesta.org\/es\/artistas-22\/","og_locale":"es_ES","og_type":"article","og_title":"Una Se\u00f1ora Fiesta | Artistas","og_description":"Festival art\u00edstico en un entorno rural, Vegarrionda, Pilo\u00f1a (Asturies). Lugar de encuentro para las artes y las propuestas musicales.","og_url":"https:\/\/unasenorafiesta.org\/es\/artistas-22\/","og_site_name":"Una Se\u00f1ora Fiesta","article_modified_time":"2024-01-11T08:37:46+00:00","og_image":[{"width":1500,"height":555,"url":"https:\/\/unasenorafiesta.org\/wp-content\/uploads\/2025\/06\/USF25-PORTADA.jpg","type":"image\/jpeg"}],"twitter_card":"summary_large_image","twitter_misc":{"Tiempo de lectura":"6 minutos"},"schema":{"@context":"https:\/\/schema.org","@graph":[{"@type":"WebPage","@id":"https:\/\/unasenorafiesta.org\/es\/artistas-22\/","url":"https:\/\/unasenorafiesta.org\/es\/artistas-22\/","name":"Una Se\u00f1ora Fiesta | Artistas","isPartOf":{"@id":"https:\/\/unasenorafiesta.org\/es\/#website"},"datePublished":"2022-04-21T15:16:34+00:00","dateModified":"2024-01-11T08:37:46+00:00","description":"Festival art\u00edstico en un entorno rural, Vegarrionda, Pilo\u00f1a (Asturies). Lugar de encuentro para las artes y las propuestas musicales.","breadcrumb":{"@id":"https:\/\/unasenorafiesta.org\/es\/artistas-22\/#breadcrumb"},"inLanguage":"es","potentialAction":[{"@type":"ReadAction","target":["https:\/\/unasenorafiesta.org\/es\/artistas-22\/"]}]},{"@type":"BreadcrumbList","@id":"https:\/\/unasenorafiesta.org\/es\/artistas-22\/#breadcrumb","itemListElement":[{"@type":"ListItem","position":1,"name":"Portada","item":"https:\/\/unasenorafiesta.org\/es\/"},{"@type":"ListItem","position":2,"name":"Artistas"}]},{"@type":"WebSite","@id":"https:\/\/unasenorafiesta.org\/es\/#website","url":"https:\/\/unasenorafiesta.org\/es\/","name":"Una Se\u00f1ora Fiesta","description":"Festival art\u00edstico en un entorno rural","potentialAction":[{"@type":"SearchAction","target":{"@type":"EntryPoint","urlTemplate":"https:\/\/unasenorafiesta.org\/es\/?s={search_term_string}"},"query-input":"required name=search_term_string"}],"inLanguage":"es"}]}},"jetpack_sharing_enabled":true,"_links":{"self":[{"href":"https:\/\/unasenorafiesta.org\/es\/wp-json\/wp\/v2\/pages\/3319"}],"collection":[{"href":"https:\/\/unasenorafiesta.org\/es\/wp-json\/wp\/v2\/pages"}],"about":[{"href":"https:\/\/unasenorafiesta.org\/es\/wp-json\/wp\/v2\/types\/page"}],"author":[{"embeddable":true,"href":"https:\/\/unasenorafiesta.org\/es\/wp-json\/wp\/v2\/users\/1"}],"replies":[{"embeddable":true,"href":"https:\/\/unasenorafiesta.org\/es\/wp-json\/wp\/v2\/comments?post=3319"}],"version-history":[{"count":89,"href":"https:\/\/unasenorafiesta.org\/es\/wp-json\/wp\/v2\/pages\/3319\/revisions"}],"predecessor-version":[{"id":5581,"href":"https:\/\/unasenorafiesta.org\/es\/wp-json\/wp\/v2\/pages\/3319\/revisions\/5581"}],"wp:attachment":[{"href":"https:\/\/unasenorafiesta.org\/es\/wp-json\/wp\/v2\/media?parent=3319"}],"curies":[{"name":"wp","href":"https:\/\/api.w.org\/{rel}","templated":true}]}}