{"id":3,"date":"2022-03-18T15:50:38","date_gmt":"2022-03-18T15:50:38","guid":{"rendered":"http:\/\/unasenorafiesta.org\/?page_id=3"},"modified":"2024-01-11T08:37:54","modified_gmt":"2024-01-11T08:37:54","slug":"politica-privacidad","status":"publish","type":"page","link":"https:\/\/unasenorafiesta.org\/es\/politica-privacidad\/","title":{"rendered":"Pol\u00edtica de privacidad"},"content":{"rendered":"<p>[vc_section css=&#8221;.vc_custom_1650900191729{padding-top: 3em !important;padding-bottom: 8em !important;}&#8221;][vc_row][vc_column][vc_column_text]<\/p>\n<p><span style=\"font-weight: 400;\"> 1.-El dominio<\/span> <a href=\"http:\/\/unasenorafiesta.org\/\"><span style=\"font-weight: 400;\">http:\/\/unasenorafiesta.org\/<\/span><\/a><span style=\"font-weight: 400;\"> es titularidad de la <\/span><b><i>Asociaci\u00f3n Cultural La Ben\u00e9fica de Pilo\u00f1a<\/i><\/b><i><span style=\"font-weight: 400;\"> (La Ben\u00e9fica<\/span><\/i><span style=\"font-weight: 400;\"> a partir de \u00e9ste momento) con \u00a0 <\/span><span style=\"font-weight: 400;\">CIF G06922959<\/span> <span style=\"font-weight: 400;\">constituida en L\u2019Infiestu el 1 de marzo del 2021 e inscrita en el Registro de Fundaciones el 4 de junio de 2021 con el n\u00famero\u00a0 622424 (grupo1 registro nacional, secci\u00f3n 1 asociaciones, actividad 126 teatro espect\u00e1culos)<\/span><span style=\"font-weight: 400;\">.<\/span><\/p>\n<p><span style=\"font-weight: 400;\">2.-Como titular responsable de los ficheros automatizados derivados de dicho website desea poner en conocimiento de los visitantes y usuarios de su p\u00e1gina web su pol\u00edtica de protecci\u00f3n y tratamiento de datos de car\u00e1cter personal, que ser\u00e1 aplicable en caso de que los usuarios decidan rellenar alg\u00fan formulario de<\/span> <a href=\"http:\/\/unasenorafiesta.org\/\"><span style=\"font-weight: 400;\">http:\/\/unasenorafiesta.org\/<\/span><\/a><span style=\"font-weight: 400;\"> donde se recaben datos de car\u00e1cter personal, sin perjuicio de lo indicado en la Cl\u00e1usula de Privacidad aplicable a cada formulario concreto. En cualquier caso, <\/span><i><span style=\"font-weight: 400;\">La Ben\u00e9fica<\/span><\/i><span style=\"font-weight: 400;\"> garantiza en todo momento el \u00edntegro y pleno cumplimiento de las obligaciones dispuestas por la Ley Org\u00e1nica 15\/1999, de 13 de diciembre, de Protecci\u00f3n de Datos Personales, as\u00ed como las dispuestas en Real Decreto 1720\/2007, de 21 de diciembre por el que se aprueba el Reglamento de desarrollo de la citada Ley Org\u00e1nica 15\/1999, as\u00ed como el resto de normativa de desarrollo.<\/span><\/p>\n<p><span style=\"font-weight: 400;\"> 3.-Los datos de car\u00e1cter personal que sean facilitados por los usuarios o visitantes del website ser\u00e1n incluidos en un fichero automatizado cuyo responsable es <\/span><i><span style=\"font-weight: 400;\">La Ben\u00e9fica<\/span><\/i><span style=\"font-weight: 400;\"> con la finalidad de facilitar el acceso a los contenidos ofrecidos a trav\u00e9s de la p\u00e1gina web; prestar, gestionar, administrar, ampliar y mejorar los servicios y\/o contenidos ofrecidos en la p\u00e1gina; adecuar dichos servicios a las preferencias y gustos de los usuarios; el estudio de la utilizaci\u00f3n de los servicios por parte de los usuarios y visitantes; el dise\u00f1o de nuevos servicios relacionados con dichos servicios o contenidos; la gesti\u00f3n de incidencias y mantenimiento\u00a0 de la p\u00e1gina web; aquellas necesarias para el desarrollo, cumplimiento y control de la relaci\u00f3n contractual que el usuario o visitantes de la p\u00e1gina mantengan en su caso con <\/span><i><span style=\"font-weight: 400;\">La Ben\u00e9fica<\/span><\/i><span style=\"font-weight: 400;\"> ; facilitar informaci\u00f3n sobre contenidos de viajes, incluyendo informaci\u00f3n sobre destinos concretos u otros servicios an\u00e1logos, as\u00ed como con fines publicitarios y de prospecci\u00f3n comercial respecto de productos y servicios de <\/span><i><span style=\"font-weight: 400;\">La Ben\u00e9fica<\/span><\/i><span style=\"font-weight: 400;\"> .<\/span><\/p>\n<p><i><span style=\"font-weight: 400;\">4.-La Ben\u00e9fica<\/span><\/i><span style=\"font-weight: 400;\"> informa a los usuarios y visitantes de la p\u00e1gina del car\u00e1cter voluntario u obligatorio de los datos de car\u00e1cter personal que le sean solicitados en los formularios de acceso y registro a los servicios y\/o contenidos ofrecidos en la p\u00e1gina web. El aviso se realizar\u00e1 en el momento de recogida a trav\u00e9s de avisos visuales tales como ventanas flotantes, colocaci\u00f3n de asteriscos o s\u00edmbolos junto al dato solicitado, o medios an\u00e1logos a los anteriormente citados. La negativa a suministrar los datos personales solicitados, la entrega de datos inexactos o de datos incompletos, podr\u00eda ocasionar la prestaci\u00f3n inadecuada, ineficiente, defectuosa o la no prestaci\u00f3n de los servicios y\/o contenidos ofrecidos a los usuarios y visitantes.<\/span><\/p>\n<p><span style=\"font-weight: 400;\">5.- <\/span><i><span style=\"font-weight: 400;\">La Ben\u00e9fica<\/span><\/i><span style=\"font-weight: 400;\"> puede modificar esta Pol\u00edtica de Privacidad en funci\u00f3n de exigencias legislativas, reglamentarias, o con la finalidad de adaptar dicha pol\u00edtica a las instrucciones dictadas por la Agencia de Protecci\u00f3n de Datos, por ello se aconseja a los usuarios que la visiten peri\u00f3dicamente.<\/span><\/p>\n<p><i><span style=\"font-weight: 400;\">6.-La Ben\u00e9fica<\/span><\/i><span style=\"font-weight: 400;\"> tiene plena conciencia del uso y tratamiento que se debe dar a los datos personales que se puedan requerir o que se puedan obtener de los usuarios en sus p\u00e1ginas web con el fin de gestionar los servicios ofrecidos o para remitirles comunicaciones comerciales de productos o servicios que puedan resultar de su inter\u00e9s.<\/span><\/p>\n<p><i><span style=\"font-weight: 400;\">7.-La Ben\u00e9fica<\/span><\/i><span style=\"font-weight: 400;\"> adoptar\u00e1 las medidas de \u00edndole t\u00e9cnica y organizativa necesarias para garantizar la seguridad de los datos de car\u00e1cter personal y evitar as\u00ed su alteraci\u00f3n, p\u00e9rdida, tratamiento o acceso no autorizado, habida cuenta del estado de la tecnolog\u00eda de acuerdo con lo establecido por el Real Decreto 1720\/2007, de 21 de diciembre, por el que se aprueba el Reglamento de desarrollo de la Ley Org\u00e1nica 15\/1999, de 13 de diciembre, de protecci\u00f3n de datos de car\u00e1cter personal.<\/span><\/p>\n<p><span style=\"font-weight: 400;\"> 8.-Los usuarios responder\u00e1n, en cualquier caso, de la veracidad de los datos facilitados y se hacen responsables de comunicar a <\/span><i><span style=\"font-weight: 400;\">La Ben\u00e9fica<\/span><\/i><span style=\"font-weight: 400;\"> cualquier modificaci\u00f3n en los mismos, quedando <\/span><i><span style=\"font-weight: 400;\">La Ben\u00e9fica<\/span><\/i><span style=\"font-weight: 400;\"> exento de cualquier tipo de responsabilidad a este respecto a trav\u00e9s del correo de contacto: labenefica.infiestu@gmail.com.<\/span><\/p>\n<p><span style=\"font-weight: 400;\"> 9.-Los usuarios tienen reconocidos y podr\u00e1n ejercitar los derechos de acceso, cancelaci\u00f3n, rectificaci\u00f3n y oposici\u00f3n, mediante comunicaci\u00f3n escrita a las direcciones indicadas en cada caso o a la direcci\u00f3n: labenefica.infiestu@gmail.com<\/span><\/p>\n<p><i><span style=\"font-weight: 400;\">10.-La Ben\u00e9fica<\/span><\/i><span style=\"font-weight: 400;\"> , en virtud de la Ley 34\/2002, de 11 de julio, de Servicios de la Sociedad de la Informaci\u00f3n y de Comercio\u00a0 Electr\u00f3nico\u00a0 y de la Ley 56\/2007,\u00a0 de 28 de diciembre,\u00a0 de Medidas de Impulso\u00a0 de la Sociedad\u00a0 de la Informaci\u00f3n que la modifica, en ning\u00fan caso remitir\u00e1 publicidad y comunicaciones con fines de venta u otras de naturaleza comercial a los usuarios sin que medie su previa solicitud o consentimiento. Asimismo <\/span><i><span style=\"font-weight: 400;\">La Ben\u00e9fica<\/span><\/i><span style=\"font-weight: 400;\"> tampoco remitir\u00e1 mensajes no solicitados ni consentidos previamente ni enviar\u00e1 cadenas de mensajes electr\u00f3nicos no solicitados ni previamente consentidos. <\/span><i><span style=\"font-weight: 400;\">La Ben\u00e9fica<\/span><\/i><span style=\"font-weight: 400;\"> informa a los usuarios que, pondr\u00e1n oponerse al env\u00edo de mensajes comerciales siguiendo las instrucciones indicadas en cada caso o comunic\u00e1ndolo por escrito al correo de contacto: labenefica.infiestu@gmail.com<\/span><\/p>\n<p><span style=\"font-weight: 400;\">11. En relaci\u00f3n con los datos personales de menores de 18 a\u00f1os, <\/span><i><span style=\"font-weight: 400;\">La Ben\u00e9fica<\/span><\/i><span style=\"font-weight: 400;\"> nunca utilizar\u00e1 estos datos para fines inadecuados para la edad del menor, sino que lo har\u00e1 en consonancia con la edad, conocimiento y la madurez de este p\u00fablico objetivo, y nunca recabar\u00e1 datos relativos o relacionados con la situaci\u00f3n econ\u00f3mica o la intimidad de los miembros de su familia. <\/span><i><span style=\"font-weight: 400;\">La Ben\u00e9fica<\/span><\/i><span style=\"font-weight: 400;\"> facilitar\u00e1 a los padres o tutores la posibilidad de que puedan ejercer los derechos de acceso, cancelaci\u00f3n, rectificaci\u00f3n y oposici\u00f3n de los datos de sus hijos o tutelados y animar\u00e1 a los menores a que consulten con ellos antes de proporcionar datos. En caso de tratarse de menores de 14 a\u00f1os, estos deber\u00e1n aportar a <\/span><i><span style=\"font-weight: 400;\">La Ben\u00e9fica<\/span><\/i><span style=\"font-weight: 400;\"> autorizaci\u00f3n escrita de sus padres, tutores o representantes legales, consintiendo el tratamiento de sus datos.<\/span><\/p>\n<p>[\/vc_column_text][\/vc_column][\/vc_row][\/vc_section]<\/p>\n","protected":false},"excerpt":{"rendered":"<p>[vc_section css=&#8221;.vc_custom_1650900191729{padding-top: 3em !important;padding-bottom: 8em !important;}&#8221;][vc_row][vc_column][vc_column_text] 1.-El dominio http:\/\/unasenorafiesta.org\/ es titularidad de la Asociaci\u00f3n Cultural La Ben\u00e9fica de Pilo\u00f1a (La Ben\u00e9fica a partir de \u00e9ste momento) con \u00a0 CIF G06922959 constituida en L\u2019Infiestu el 1 de marzo del 2021 e inscrita en el Registro de Fundaciones el 4 de junio de 2021 con el n\u00famero\u00a0 [&hellip;]<\/p>\n","protected":false},"author":1,"featured_media":0,"parent":0,"menu_order":0,"comment_status":"closed","ping_status":"open","template":"page-boxed.php","meta":{"footnotes":""},"yoast_head":"<!-- This site is optimized with the Yoast SEO plugin v21.8 - https:\/\/yoast.com\/wordpress\/plugins\/seo\/ -->\n<title>Una Se\u00f1ora Fiesta | Pol\u00edtica de privacidad<\/title>\n<meta name=\"description\" content=\"Festival art\u00edstico en un entorno rural, Vegarrionda, Pilo\u00f1a (Asturies). Lugar de encuentro para las artes y las propuestas musicales.\" \/>\n<meta name=\"robots\" content=\"index, follow, max-snippet:-1, max-image-preview:large, max-video-preview:-1\" \/>\n<link rel=\"canonical\" href=\"https:\/\/unasenorafiesta.org\/es\/politica-privacidad\/\" \/>\n<meta property=\"og:locale\" content=\"es_ES\" \/>\n<meta property=\"og:type\" content=\"article\" \/>\n<meta property=\"og:title\" content=\"Una Se\u00f1ora Fiesta | Pol\u00edtica de privacidad\" \/>\n<meta property=\"og:description\" content=\"Festival art\u00edstico en un entorno rural, Vegarrionda, Pilo\u00f1a (Asturies). Lugar de encuentro para las artes y las propuestas musicales.\" \/>\n<meta property=\"og:url\" content=\"https:\/\/unasenorafiesta.org\/es\/politica-privacidad\/\" \/>\n<meta property=\"og:site_name\" content=\"Una Se\u00f1ora Fiesta\" \/>\n<meta property=\"article:modified_time\" content=\"2024-01-11T08:37:54+00:00\" \/>\n<meta property=\"og:image\" content=\"https:\/\/unasenorafiesta.org\/wp-content\/uploads\/2025\/06\/USF25-PORTADA.jpg\" \/>\n\t<meta property=\"og:image:width\" content=\"1500\" \/>\n\t<meta property=\"og:image:height\" content=\"555\" \/>\n\t<meta property=\"og:image:type\" content=\"image\/jpeg\" \/>\n<meta name=\"twitter:card\" content=\"summary_large_image\" \/>\n<meta name=\"twitter:label1\" content=\"Tiempo de lectura\" \/>\n\t<meta name=\"twitter:data1\" content=\"5 minutos\" \/>\n<script type=\"application\/ld+json\" class=\"yoast-schema-graph\">{\"@context\":\"https:\/\/schema.org\",\"@graph\":[{\"@type\":\"WebPage\",\"@id\":\"https:\/\/unasenorafiesta.org\/es\/politica-privacidad\/\",\"url\":\"https:\/\/unasenorafiesta.org\/es\/politica-privacidad\/\",\"name\":\"Una Se\u00f1ora Fiesta | Pol\u00edtica de privacidad\",\"isPartOf\":{\"@id\":\"https:\/\/unasenorafiesta.org\/es\/#website\"},\"datePublished\":\"2022-03-18T15:50:38+00:00\",\"dateModified\":\"2024-01-11T08:37:54+00:00\",\"description\":\"Festival art\u00edstico en un entorno rural, Vegarrionda, Pilo\u00f1a (Asturies). Lugar de encuentro para las artes y las propuestas musicales.\",\"breadcrumb\":{\"@id\":\"https:\/\/unasenorafiesta.org\/es\/politica-privacidad\/#breadcrumb\"},\"inLanguage\":\"es\",\"potentialAction\":[{\"@type\":\"ReadAction\",\"target\":[\"https:\/\/unasenorafiesta.org\/es\/politica-privacidad\/\"]}]},{\"@type\":\"BreadcrumbList\",\"@id\":\"https:\/\/unasenorafiesta.org\/es\/politica-privacidad\/#breadcrumb\",\"itemListElement\":[{\"@type\":\"ListItem\",\"position\":1,\"name\":\"Portada\",\"item\":\"https:\/\/unasenorafiesta.org\/es\/\"},{\"@type\":\"ListItem\",\"position\":2,\"name\":\"Pol\u00edtica de privacidad\"}]},{\"@type\":\"WebSite\",\"@id\":\"https:\/\/unasenorafiesta.org\/es\/#website\",\"url\":\"https:\/\/unasenorafiesta.org\/es\/\",\"name\":\"Una Se\u00f1ora Fiesta\",\"description\":\"Festival art\u00edstico en un entorno rural\",\"potentialAction\":[{\"@type\":\"SearchAction\",\"target\":{\"@type\":\"EntryPoint\",\"urlTemplate\":\"https:\/\/unasenorafiesta.org\/es\/?s={search_term_string}\"},\"query-input\":\"required name=search_term_string\"}],\"inLanguage\":\"es\"}]}<\/script>\n<!-- \/ Yoast SEO plugin. -->","yoast_head_json":{"title":"Una Se\u00f1ora Fiesta | Pol\u00edtica de privacidad","description":"Festival art\u00edstico en un entorno rural, Vegarrionda, Pilo\u00f1a (Asturies). Lugar de encuentro para las artes y las propuestas musicales.","robots":{"index":"index","follow":"follow","max-snippet":"max-snippet:-1","max-image-preview":"max-image-preview:large","max-video-preview":"max-video-preview:-1"},"canonical":"https:\/\/unasenorafiesta.org\/es\/politica-privacidad\/","og_locale":"es_ES","og_type":"article","og_title":"Una Se\u00f1ora Fiesta | Pol\u00edtica de privacidad","og_description":"Festival art\u00edstico en un entorno rural, Vegarrionda, Pilo\u00f1a (Asturies). Lugar de encuentro para las artes y las propuestas musicales.","og_url":"https:\/\/unasenorafiesta.org\/es\/politica-privacidad\/","og_site_name":"Una Se\u00f1ora Fiesta","article_modified_time":"2024-01-11T08:37:54+00:00","og_image":[{"width":1500,"height":555,"url":"https:\/\/unasenorafiesta.org\/wp-content\/uploads\/2025\/06\/USF25-PORTADA.jpg","type":"image\/jpeg"}],"twitter_card":"summary_large_image","twitter_misc":{"Tiempo de lectura":"5 minutos"},"schema":{"@context":"https:\/\/schema.org","@graph":[{"@type":"WebPage","@id":"https:\/\/unasenorafiesta.org\/es\/politica-privacidad\/","url":"https:\/\/unasenorafiesta.org\/es\/politica-privacidad\/","name":"Una Se\u00f1ora Fiesta | Pol\u00edtica de privacidad","isPartOf":{"@id":"https:\/\/unasenorafiesta.org\/es\/#website"},"datePublished":"2022-03-18T15:50:38+00:00","dateModified":"2024-01-11T08:37:54+00:00","description":"Festival art\u00edstico en un entorno rural, Vegarrionda, Pilo\u00f1a (Asturies). Lugar de encuentro para las artes y las propuestas musicales.","breadcrumb":{"@id":"https:\/\/unasenorafiesta.org\/es\/politica-privacidad\/#breadcrumb"},"inLanguage":"es","potentialAction":[{"@type":"ReadAction","target":["https:\/\/unasenorafiesta.org\/es\/politica-privacidad\/"]}]},{"@type":"BreadcrumbList","@id":"https:\/\/unasenorafiesta.org\/es\/politica-privacidad\/#breadcrumb","itemListElement":[{"@type":"ListItem","position":1,"name":"Portada","item":"https:\/\/unasenorafiesta.org\/es\/"},{"@type":"ListItem","position":2,"name":"Pol\u00edtica de privacidad"}]},{"@type":"WebSite","@id":"https:\/\/unasenorafiesta.org\/es\/#website","url":"https:\/\/unasenorafiesta.org\/es\/","name":"Una Se\u00f1ora Fiesta","description":"Festival art\u00edstico en un entorno rural","potentialAction":[{"@type":"SearchAction","target":{"@type":"EntryPoint","urlTemplate":"https:\/\/unasenorafiesta.org\/es\/?s={search_term_string}"},"query-input":"required name=search_term_string"}],"inLanguage":"es"}]}},"jetpack_sharing_enabled":true,"_links":{"self":[{"href":"https:\/\/unasenorafiesta.org\/es\/wp-json\/wp\/v2\/pages\/3"}],"collection":[{"href":"https:\/\/unasenorafiesta.org\/es\/wp-json\/wp\/v2\/pages"}],"about":[{"href":"https:\/\/unasenorafiesta.org\/es\/wp-json\/wp\/v2\/types\/page"}],"author":[{"embeddable":true,"href":"https:\/\/unasenorafiesta.org\/es\/wp-json\/wp\/v2\/users\/1"}],"replies":[{"embeddable":true,"href":"https:\/\/unasenorafiesta.org\/es\/wp-json\/wp\/v2\/comments?post=3"}],"version-history":[{"count":6,"href":"https:\/\/unasenorafiesta.org\/es\/wp-json\/wp\/v2\/pages\/3\/revisions"}],"predecessor-version":[{"id":3441,"href":"https:\/\/unasenorafiesta.org\/es\/wp-json\/wp\/v2\/pages\/3\/revisions\/3441"}],"wp:attachment":[{"href":"https:\/\/unasenorafiesta.org\/es\/wp-json\/wp\/v2\/media?parent=3"}],"curies":[{"name":"wp","href":"https:\/\/api.w.org\/{rel}","templated":true}]}}